{"id":3014,"date":"2016-03-31T14:41:24","date_gmt":"2016-03-31T14:41:24","guid":{"rendered":"http:\/\/localhost\/wordpress\/?page_id=3014"},"modified":"2022-10-31T13:57:41","modified_gmt":"2022-10-31T13:57:41","slug":"auditoria","status":"publish","type":"page","link":"https:\/\/www.atress.es\/index.php\/auditoria\/","title":{"rendered":"Auditor\u00eda"},"content":{"rendered":"<p>[et_pb_section admin_label=\u00bbSecci\u00f3n\u00bb fullwidth=\u00bboff\u00bb specialty=\u00bboff\u00bb transparent_background=\u00bboff\u00bb background_color=\u00bb#ffffff\u00bb allow_player_pause=\u00bboff\u00bb inner_shadow=\u00bboff\u00bb parallax=\u00bboff\u00bb parallax_method=\u00bboff\u00bb padding_mobile=\u00bboff\u00bb make_fullwidth=\u00bboff\u00bb use_custom_width=\u00bboff\u00bb width_unit=\u00bbon\u00bb make_equal=\u00bboff\u00bb use_custom_gutter=\u00bboff\u00bb custom_padding=\u00bb|0px|0px|0px\u00bb][et_pb_row admin_label=\u00bbFila\u00bb][et_pb_column type=\u00bb4_4&#8243;][et_pb_text admin_label=\u00bbTexto\u00bb background_layout=\u00bblight\u00bb text_orientation=\u00bbcenter\u00bb use_border_color=\u00bboff\u00bb border_color=\u00bb#ffffff\u00bb border_style=\u00bbsolid\u00bb text_text_color=\u00bb#033a7b\u00bb]<\/p>\n<h1><span style=\"color: #033a7b;\"><strong>Auditor\u00eda<\/strong><\/span><\/h1>\n<p>[\/et_pb_text][et_pb_testimonial admin_label=\u00bbRecomendaci\u00f3n\u00bb url_new_window=\u00bboff\u00bb portrait_url=\u00bbhttp:\/\/www.atress.es\/wp-content\/uploads\/2016\/04\/auditoria.jpg\u00bb quote_icon=\u00bboff\u00bb use_background_color=\u00bbon\u00bb background_color=\u00bbrgba(245,245,245,0)\u00bb background_layout=\u00bblight\u00bb text_orientation=\u00bbleft\u00bb portrait_width=\u00bb200&#8243; portrait_height=\u00bb200&#8243; use_border_color=\u00bboff\u00bb border_color=\u00bb#ffffff\u00bb border_style=\u00bbsolid\u00bb body_text_color=\u00bb#033a7b\u00bb]<\/p>\n<p>Los auditores que forman ATresS cuentan con una amplia experiencia en la prestaci\u00f3n de servicios de auditor\u00eda.<\/p>\n<p>El \u00e1rea de auditor\u00eda, junto con el resto de \u00e1reas de actuaci\u00f3n, ofrece a nuestros clientes un servicio integral y multidisciplinar que les aporta ventajas competitivas.<\/p>\n<p>A continuaci\u00f3n le presentamos los servicios que los auditores de ATresS prestan:<\/p>\n<ul>\n<li><span style=\"color: #033a7b;\">Auditor\u00eda de\u00a0subvenciones.<\/span><\/li>\n<\/ul>\n<ul>\n<li><span style=\"color: #033a7b;\">Auditor\u00eda de cuentas anuales y estados financieros.<\/span><\/li>\n<\/ul>\n<ul>\n<li><span style=\"color: #033a7b;\">Trabajos de verificaci\u00f3n y control econ\u00f3mico-financiero de proyectos subvencionados.<\/span><\/li>\n<\/ul>\n<ul>\n<li><span style=\"color: #033a7b;\">Revisi\u00f3n y verificaci\u00f3n sobre cuentas anuales y de otros estados o documentos contables.<\/span><\/li>\n<\/ul>\n<ul>\n<li><span style=\"color: #033a7b;\">Informes sobre auditor\u00edas limitadas.<\/span><\/li>\n<\/ul>\n<p>[\/et_pb_testimonial][\/et_pb_column][\/et_pb_row][\/et_pb_section]<\/p>\n","protected":false},"excerpt":{"rendered":"<p>Auditor\u00eda Los auditores que forman ATresS cuentan con una amplia experiencia en la prestaci\u00f3n de servicios de auditor\u00eda. El \u00e1rea de auditor\u00eda, junto con el resto de \u00e1reas de actuaci\u00f3n, ofrece a nuestros clientes un servicio integral y multidisciplinar que les aporta ventajas competitivas. A continuaci\u00f3n le presentamos los servicios que los auditores de ATresS [&hellip;]<\/p>\n","protected":false},"author":1,"featured_media":0,"parent":0,"menu_order":0,"comment_status":"closed","ping_status":"closed","template":"","meta":{"_et_pb_use_builder":"on","_et_pb_old_content":"","_et_gb_content_width":"","footnotes":""},"class_list":["post-3014","page","type-page","status-publish","hentry"],"_links":{"self":[{"href":"https:\/\/www.atress.es\/index.php\/wp-json\/wp\/v2\/pages\/3014","targetHints":{"allow":["GET"]}}],"collection":[{"href":"https:\/\/www.atress.es\/index.php\/wp-json\/wp\/v2\/pages"}],"about":[{"href":"https:\/\/www.atress.es\/index.php\/wp-json\/wp\/v2\/types\/page"}],"author":[{"embeddable":true,"href":"https:\/\/www.atress.es\/index.php\/wp-json\/wp\/v2\/users\/1"}],"replies":[{"embeddable":true,"href":"https:\/\/www.atress.es\/index.php\/wp-json\/wp\/v2\/comments?post=3014"}],"version-history":[{"count":15,"href":"https:\/\/www.atress.es\/index.php\/wp-json\/wp\/v2\/pages\/3014\/revisions"}],"predecessor-version":[{"id":3463,"href":"https:\/\/www.atress.es\/index.php\/wp-json\/wp\/v2\/pages\/3014\/revisions\/3463"}],"wp:attachment":[{"href":"https:\/\/www.atress.es\/index.php\/wp-json\/wp\/v2\/media?parent=3014"}],"curies":[{"name":"wp","href":"https:\/\/api.w.org\/{rel}","templated":true}]}}